{"id":251,"date":"2024-07-28T22:45:45","date_gmt":"2024-07-28T22:45:45","guid":{"rendered":"https:\/\/artismederi.com\/?post_type=product&#038;p=251"},"modified":"2024-12-30T23:54:51","modified_gmt":"2024-12-30T23:54:51","slug":"pack-de-organizacion-y-notas-de-estudio-digitales","status":"publish","type":"product","link":"https:\/\/artismederi.com\/index.php\/product\/pack-de-organizacion-y-notas-de-estudio-digitales\/","title":{"rendered":"Pack de organizaci\u00f3n y notas de estudio &#8211; DIGITALES."},"content":{"rendered":"<h2>Todo lo que Necesitas para Organizarte<\/h2>\n<p>Con herramientas dise\u00f1adas espec\u00edficamente para estudiantes, podr\u00e1s mantener un seguimiento claro y conciso de tus tareas y objetivos.<\/p>\n<h2>Organizadores Diarios y Semanales<\/h2>\n<p>El paquete cuenta con 2 organizadores diarios y 1 organizador semanal. Estos te permiten planificar tu d\u00eda a d\u00eda y tu semana, asegur\u00e1ndote de que ninguna tarea importante se quede sin hacer.<\/p>\n<h2>Planner de Metas Mensual<\/h2>\n<p>Adem\u00e1s, incluye un planner de metas mensual. Esta herramienta es perfecta para visualizar tus objetivos a largo plazo y dividirlos en pasos manejables a lo largo del mes.<\/p>\n<h2>Plantillas Digitales Esenciales<\/h2>\n<p>Para complementar tu planificaci\u00f3n, recibir\u00e1s 1 plantilla para realizar tus notas digitales y sacarles el mejor provecho, as\u00ed como 1 plantilla de revisi\u00f3n de temas para que no se te olvide nada el d\u00eda del examen y logres tus objetivos acad\u00e9micos.<\/p>\n<p>Si tienes alg\u00fan problema con tus archivos, cont\u00e1ctanos v\u00eda Instagram (@artis.mederi).<\/p>\n","protected":false},"excerpt":{"rendered":"<p>Este paquete tiene todo lo que necesitas para organizarte y conseguir los mejores resultados acad\u00e9micos. Incluye 2 organizadores diarios, 1 organizador semanal, 1 planner de metas mensual, 1 plantilla para realizar tus notas digitales y sacarles el mejor provecho y 1 plantilla de revisi\u00f3n de temas para que no se te pase nada el d\u00eda del examen.<\/p>\n<p>Nota: Al realizar tu compra los archivos no tienen marca de agua. Puedes imprimirlos o usar en tu dispositivo m\u00f3vil.<\/p>\n","protected":false},"featured_media":253,"comment_status":"open","ping_status":"closed","template":"","meta":{"_monsterinsights_skip_tracking":false,"_monsterinsights_sitenote_active":false,"_monsterinsights_sitenote_note":"","_monsterinsights_sitenote_category":0},"product_cat":[32],"product_tag":[],"aioseo_notices":[],"jetpack_sharing_enabled":true,"_links":{"self":[{"href":"https:\/\/artismederi.com\/index.php\/wp-json\/wp\/v2\/product\/251"}],"collection":[{"href":"https:\/\/artismederi.com\/index.php\/wp-json\/wp\/v2\/product"}],"about":[{"href":"https:\/\/artismederi.com\/index.php\/wp-json\/wp\/v2\/types\/product"}],"replies":[{"embeddable":true,"href":"https:\/\/artismederi.com\/index.php\/wp-json\/wp\/v2\/comments?post=251"}],"wp:featuredmedia":[{"embeddable":true,"href":"https:\/\/artismederi.com\/index.php\/wp-json\/wp\/v2\/media\/253"}],"wp:attachment":[{"href":"https:\/\/artismederi.com\/index.php\/wp-json\/wp\/v2\/media?parent=251"}],"wp:term":[{"taxonomy":"product_cat","embeddable":true,"href":"https:\/\/artismederi.com\/index.php\/wp-json\/wp\/v2\/product_cat?post=251"},{"taxonomy":"product_tag","embeddable":true,"href":"https:\/\/artismederi.com\/index.php\/wp-json\/wp\/v2\/product_tag?post=251"}],"curies":[{"name":"wp","href":"https:\/\/api.w.org\/{rel}","templated":true}]}}