{"id":22,"date":"2024-03-07T17:40:22","date_gmt":"2024-03-07T17:40:22","guid":{"rendered":"https:\/\/artismederi.com\/?post_type=product&#038;p=22"},"modified":"2024-12-30T23:56:31","modified_gmt":"2024-12-30T23:56:31","slug":"formato-flashcards-microbiologia","status":"publish","type":"product","link":"https:\/\/artismederi.com\/index.php\/product\/formato-flashcards-microbiologia\/","title":{"rendered":"Formato flashcards microbiolog\u00eda"},"content":{"rendered":"<p>Flashcards para microbiolog\u00eda. Anota y ten a la mano lo m\u00e1s importante de cada microorganismo.<\/p>\n<p>Apartados:<\/p>\n<ul>\n<li>Microorganismo.<\/li>\n<li>Tipo.<\/li>\n<li>Caracter\u00edsticas generales.<\/li>\n<li>Epidemiolog\u00eda.<\/li>\n<li>Mecanismos de virulencia.<\/li>\n<li>Patogenia.<\/li>\n<li>Diagn\u00f3stico.<\/li>\n<li>Tratamiento y prevenci\u00f3n.<\/li>\n<\/ul>\n","protected":false},"excerpt":{"rendered":"<p>Utiliza este formato para resumir y organizar la informaci\u00f3n referente a los microorganismos pat\u00f3genos. Estudia con mayor facilidad para tus examenes.<\/p>\n","protected":false},"featured_media":24,"comment_status":"open","ping_status":"closed","template":"","meta":{"_monsterinsights_skip_tracking":false,"_monsterinsights_sitenote_active":false,"_monsterinsights_sitenote_note":"","_monsterinsights_sitenote_category":0},"product_cat":[21],"product_tag":[22,23],"aioseo_notices":[],"jetpack_sharing_enabled":true,"_links":{"self":[{"href":"https:\/\/artismederi.com\/index.php\/wp-json\/wp\/v2\/product\/22"}],"collection":[{"href":"https:\/\/artismederi.com\/index.php\/wp-json\/wp\/v2\/product"}],"about":[{"href":"https:\/\/artismederi.com\/index.php\/wp-json\/wp\/v2\/types\/product"}],"replies":[{"embeddable":true,"href":"https:\/\/artismederi.com\/index.php\/wp-json\/wp\/v2\/comments?post=22"}],"wp:featuredmedia":[{"embeddable":true,"href":"https:\/\/artismederi.com\/index.php\/wp-json\/wp\/v2\/media\/24"}],"wp:attachment":[{"href":"https:\/\/artismederi.com\/index.php\/wp-json\/wp\/v2\/media?parent=22"}],"wp:term":[{"taxonomy":"product_cat","embeddable":true,"href":"https:\/\/artismederi.com\/index.php\/wp-json\/wp\/v2\/product_cat?post=22"},{"taxonomy":"product_tag","embeddable":true,"href":"https:\/\/artismederi.com\/index.php\/wp-json\/wp\/v2\/product_tag?post=22"}],"curies":[{"name":"wp","href":"https:\/\/api.w.org\/{rel}","templated":true}]}}